{"id":3,"date":"2023-12-11T10:48:24","date_gmt":"2023-12-11T10:48:24","guid":{"rendered":"https:\/\/utelenlinea.com\/?page_id=3"},"modified":"2025-06-25T12:37:03","modified_gmt":"2025-06-25T18:37:03","slug":"privacy-policy","status":"publish","type":"page","link":"https:\/\/utelenlinea.com\/educacion\/privacy-policy\/","title":{"rendered":"Privacy Policy"},"content":{"rendered":"\t\t<div data-elementor-type=\"wp-page\" data-elementor-id=\"3\" class=\"elementor elementor-3\" data-elementor-post-type=\"page\">\n\t\t\t\t<div class=\"elementor-element elementor-element-7ac992a6 e-flex e-con-boxed e-con e-parent\" data-id=\"7ac992a6\" data-element_type=\"container\" data-e-type=\"container\">\n\t\t\t\t\t<div class=\"e-con-inner\">\n\t\t<div class=\"elementor-element elementor-element-1f850a78 elementor-hidden-mobile e-flex e-con-boxed e-con e-child\" data-id=\"1f850a78\" data-element_type=\"container\" data-e-type=\"container\">\n\t\t\t\t\t<div class=\"e-con-inner\">\n\t\t\t\t\t<\/div>\n\t\t\t\t<\/div>\n\t\t<div class=\"elementor-element elementor-element-2dcba742 elementor-hidden-mobile e-flex e-con-boxed e-con e-child\" data-id=\"2dcba742\" data-element_type=\"container\" data-e-type=\"container\">\n\t\t\t\t\t<div class=\"e-con-inner\">\n\t\t\t\t\t<\/div>\n\t\t\t\t<\/div>\n\t\t<div class=\"elementor-element elementor-element-6ee43d1 e-flex e-con-boxed e-con e-child\" data-id=\"6ee43d1\" data-element_type=\"container\" data-e-type=\"container\">\n\t\t\t\t\t<div class=\"e-con-inner\">\n\t\t\t\t<div class=\"elementor-element elementor-element-2cd1399f elementor-widget elementor-widget-image\" data-id=\"2cd1399f\" data-element_type=\"widget\" data-e-type=\"widget\" data-widget_type=\"image.default\">\n\t\t\t\t<div class=\"elementor-widget-container\">\n\t\t\t\t\t\t\t\t\t\t\t\t\t\t\t<img fetchpriority=\"high\" decoding=\"async\" width=\"800\" height=\"466\" src=\"https:\/\/utelenlinea.com\/educacion\/wp-content\/uploads\/2024\/02\/logo_utel_2.svg\" class=\"attachment-large size-large wp-image-1403\" alt=\"\" \/>\t\t\t\t\t\t\t\t\t\t\t\t\t\t\t<\/div>\n\t\t\t\t<\/div>\n\t\t\t\t\t<\/div>\n\t\t\t\t<\/div>\n\t\t<div class=\"elementor-element elementor-element-327617a3 elementor-hidden-mobile e-flex e-con-boxed e-con e-child\" data-id=\"327617a3\" data-element_type=\"container\" data-e-type=\"container\">\n\t\t\t\t\t<div class=\"e-con-inner\">\n\t\t\t\t\t<\/div>\n\t\t\t\t<\/div>\n\t\t<div class=\"elementor-element elementor-element-1e50f350 elementor-hidden-mobile e-flex e-con-boxed e-con e-child\" data-id=\"1e50f350\" data-element_type=\"container\" data-e-type=\"container\">\n\t\t\t\t\t<div class=\"e-con-inner\">\n\t\t\t\t\t<\/div>\n\t\t\t\t<\/div>\n\t\t\t\t\t<\/div>\n\t\t\t\t<\/div>\n\t\t<div class=\"elementor-element elementor-element-66ce3ebb e-flex e-con-boxed e-con e-parent\" data-id=\"66ce3ebb\" data-element_type=\"container\" data-e-type=\"container\">\n\t\t\t\t\t<div class=\"e-con-inner\">\n\t\t\t\t<div class=\"elementor-element elementor-element-3b185d1 elementor-widget elementor-widget-heading\" data-id=\"3b185d1\" data-element_type=\"widget\" data-e-type=\"widget\" data-widget_type=\"heading.default\">\n\t\t\t\t<div class=\"elementor-widget-container\">\n\t\t\t\t\t<h2 class=\"elementor-heading-title elementor-size-default\">POL\u00cdTICA DE PRIVACIDAD<\/h2>\t\t\t\t<\/div>\n\t\t\t\t<\/div>\n\t\t\t\t<div class=\"elementor-element elementor-element-11f14448 elementor-widget elementor-widget-heading\" data-id=\"11f14448\" data-element_type=\"widget\" data-e-type=\"widget\" data-widget_type=\"heading.default\">\n\t\t\t\t<div class=\"elementor-widget-container\">\n\t\t\t\t\t<h2 class=\"elementor-heading-title elementor-size-default\">AVISO SOBRE EL USO DE LA INFORMACION PERSONAL<\/h2>\t\t\t\t<\/div>\n\t\t\t\t<\/div>\n\t\t\t\t<div class=\"elementor-element elementor-element-250311c8 elementor-widget elementor-widget-text-editor\" data-id=\"250311c8\" data-element_type=\"widget\" data-e-type=\"widget\" data-widget_type=\"text-editor.default\">\n\t\t\t\t<div class=\"elementor-widget-container\">\n\t\t\t\t\t\t\t\t\t<p>Por medio del presente aviso y en cumplimiento con los art\u00edculos 3, 7, 15, 16 y relativos de la Ley de Protecci\u00f3n de Datos Personales en posesi\u00f3n de particulares (la \u201cLey) notificamos a usted que la informaci\u00f3n personal que nos ha entregado que puede ser utilizada para identificarle y ser considerada como sensible de acuerdo con la Ley podr\u00e1 ser utilizada por INCREMENTA DIGITAL y\/o sus empresas filiales y\/o subsidiarias en M\u00e9xico y\/o en el extranjero (las \u201cSociedades\u201d) para efecto de: (i) conocer y determinar su capacidad crediticia (ii) an\u00e1lisis para uso interno y planeaci\u00f3n mercadol\u00f3gica, (iii) control de expedientes personales y (iv) cualquier otra actividad relacionada con el objeto social de las Sociedades.<\/p><p>Asimismo le informamos que su informaci\u00f3n personal ser\u00e1 mantenida por las Sociedades en bases de datos propiedad de dichas Sociedades y solo ser\u00e1 utilizada de manera justificada y siempre en cumplimiento con la Ley. Nosotros no realizamos transferencias de sus datos personales a terceros. De conformidad con los art\u00edculos 22, 24, 25 y relativos de la Ley usted tiene en derecho a solicitar modificaciones a toda o parte de su informaci\u00f3n personal y a que dicha informaci\u00f3n sea retirada total o parcialmente de las bases de datos de las Sociedades. Las Sociedades no son ni ser\u00e1n responsables por la veracidad de la informaci\u00f3n personal que usted proporcione, ni de su verificaci\u00f3n y\/o actualizaci\u00f3n, por lo que si usted no solicita el cambio o modificaci\u00f3n de informaci\u00f3n deber\u00e1 asumirse que la informaci\u00f3n es precisa y verdadera con todas las implicaciones que esto conlleve, siendo usted el \u00fanico responsable por la informaci\u00f3n personal proporcionada y sus consecuencias.<\/p><p><br \/>En todo momento, usted podr\u00e1 revocar el consentimiento que nos ha otorgado para el tratamiento de sus datos personales, a fin de que dejemos de hacer uso de los mismos. Para ello, es necesario que presente su petici\u00f3n enviando un correo electr\u00f3nico a la siguiente direcci\u00f3n <strong>aviso.privacidad@exponentedigital.mx<\/strong>, indicando su solicitud y los datos necesarios como lo son Nombre completo (nombre o nombres y apellido o apellidos), anexando una versi\u00f3n digitalizada de la identificaci\u00f3n oficial (escaneo), tel\u00e9fono y direcci\u00f3n f\u00edsica o electr\u00f3nica para fines de notificaciones relacionadas al caso o para cualquier duda o aclaraci\u00f3n comunicarse al tel\u00e9fono <strong>+52 55 9547 5653<\/strong> con el responsable del \u00c1rea de Datos Personales, esta informaci\u00f3n ser\u00e1 resguardada bajo la misma Ley.<\/p><p>El plazo para atender su solicitud es de 10 d\u00edas h\u00e1biles y le informaremos sobre la procedencia de la misma a trav\u00e9s de los medios que usted nos proporcion\u00f3 para notificarle.<\/p><p>Nos reservamos el derecho de efectuar en cualquier momento modificaciones o actualizaciones al presente aviso de privacidad, para la atenci\u00f3n de novedades legislativas o pol\u00edticas internas.<\/p><p>Estas modificaciones estar\u00e1n disponibles a trav\u00e9s de nuestra p\u00e1gina de Internet (secci\u00f3n aviso de privacidad) o al \u00faltimo correo electr\u00f3nico que nos haya proporcionado.<\/p>\t\t\t\t\t\t\t\t<\/div>\n\t\t\t\t<\/div>\n\t\t\t\t\t<\/div>\n\t\t\t\t<\/div>\n\t\t\t\t<\/div>\n\t\t","protected":false},"excerpt":{"rendered":"<p>POL\u00cdTICA DE PRIVACIDAD AVISO SOBRE EL USO DE LA INFORMACION PERSONAL Por medio del presente aviso y en cumplimiento con los art\u00edculos 3, 7, 15, 16 y relativos de la Ley de Protecci\u00f3n de Datos Personales en posesi\u00f3n de particulares (la \u201cLey) notificamos a usted que la informaci\u00f3n personal que nos ha entregado que puede [&hellip;]<\/p>\n","protected":false},"author":1,"featured_media":0,"parent":0,"menu_order":0,"comment_status":"closed","ping_status":"open","template":"elementor_canvas","meta":{"footnotes":""},"class_list":["post-3","page","type-page","status-publish","hentry"],"_links":{"self":[{"href":"https:\/\/utelenlinea.com\/educacion\/wp-json\/wp\/v2\/pages\/3","targetHints":{"allow":["GET"]}}],"collection":[{"href":"https:\/\/utelenlinea.com\/educacion\/wp-json\/wp\/v2\/pages"}],"about":[{"href":"https:\/\/utelenlinea.com\/educacion\/wp-json\/wp\/v2\/types\/page"}],"author":[{"embeddable":true,"href":"https:\/\/utelenlinea.com\/educacion\/wp-json\/wp\/v2\/users\/1"}],"replies":[{"embeddable":true,"href":"https:\/\/utelenlinea.com\/educacion\/wp-json\/wp\/v2\/comments?post=3"}],"version-history":[{"count":16,"href":"https:\/\/utelenlinea.com\/educacion\/wp-json\/wp\/v2\/pages\/3\/revisions"}],"predecessor-version":[{"id":4934,"href":"https:\/\/utelenlinea.com\/educacion\/wp-json\/wp\/v2\/pages\/3\/revisions\/4934"}],"wp:attachment":[{"href":"https:\/\/utelenlinea.com\/educacion\/wp-json\/wp\/v2\/media?parent=3"}],"curies":[{"name":"wp","href":"https:\/\/api.w.org\/{rel}","templated":true}]}}